{"id":14,"date":"2021-11-21T15:14:19","date_gmt":"2021-11-21T15:14:19","guid":{"rendered":"http:\/\/157.90.31.7:8086\/index.php\/about\/"},"modified":"2022-08-27T17:25:45","modified_gmt":"2022-08-27T17:25:45","slug":"sobre-mi","status":"publish","type":"page","link":"http:\/\/157.90.31.7:8086\/index.php\/sobre-mi\/","title":{"rendered":"Sobre m\u00ed"},"content":{"rendered":"\t\t<div data-elementor-type=\"wp-page\" data-elementor-id=\"14\" class=\"elementor elementor-14\" data-elementor-settings=\"[]\">\n\t\t\t\t\t\t\t<div class=\"elementor-section-wrap\">\n\t\t\t\t\t\t\t<section class=\"elementor-section elementor-top-section elementor-element elementor-element-416f075d elementor-section-height-min-height elementor-section-boxed elementor-section-height-default elementor-section-items-middle\" data-id=\"416f075d\" data-element_type=\"section\" data-settings=\"{&quot;background_background&quot;:&quot;classic&quot;,&quot;shape_divider_top&quot;:&quot;multi-cloud&quot;,&quot;shape_divider_bottom&quot;:&quot;multi-wave&quot;,&quot;_ha_eqh_enable&quot;:false}\">\n\t\t\t\t\t<div class=\"elementor-shape elementor-shape-top\" data-negative=\"false\">\n\t\t\t<svg xmlns=\"http:\/\/www.w3.org\/2000\/svg\" viewBox=\"0 0 4080 400\" preserveAspectRatio=\"none\">\n<path class=\"elementor-shape-fill ha-shape-divider\" opacity=\"0.25\" d=\"M0,0v279.3c15.2,7.6,33.3,11.6,52.4,10.3c0.8,0,1.5-0.2,2.3-0.2c5.7,39.3,47.3,68.1,94.8,64.9\n\tc30.3-2,55.9-16.7,69.9-37.3c21.4,38.4,69.6,63.5,123,59.9c42.8-2.9,78.8-23.6,98.5-52.7c7.5,41.4,52,71.4,102.6,68\n\tc32.4-2.3,59.9-17.8,75.2-39.7c12.1,3.5,25.3,5,38.9,4.1c24.5-1.7,46-10.9,61.7-24.7c9.7,39.2,52.9,67.1,101.7,63.8\n\tc30.3-2,56.1-15.7,71.9-35.3c21,9.6,45.5,14.3,71.2,12.6c49.3-3.4,89.8-29.7,107.7-65.4c0.7,0,1.4,0,2.2-0.1\n\tc22.7-1.6,42.9-9.6,58.3-21.8c14.6,32.9,53.9,55.1,97.6,52.1c13.1-0.9,25.3-4,36.4-8.7c19.4,42.1,69.9,70.2,126.3,66.5\n\tc33.3-2.3,62.6-15.4,83.2-34.9c20.9,21.8,53.9,34.9,89.7,32.4c47.7-3.2,85.3-33,93.9-70.5c11.9,5.6,25.8,8.3,40.3,7.4\n\tc16.9-1.1,31.9-7.1,43.3-16.3c16.8,23.3,48.2,38,82.8,35.7c36.1-2.4,65.3-22.7,76.5-49.6c13.4,10.1,31.6,15.7,51,14.4\n\tc26.3-1.8,47.8-15.8,57.5-34.7c8.8,5.2,18.7,9,29.2,11.2c18.1,3.3,33.3,0.1,52.4-1.2c0.8,0,1.5-0.2,2.3-0.2\n\tc5.7,39.3,47.3,68.1,94.8,64.9c30.3-2,55.9-16.7,69.9-37.3c21.4,38.4,69.6,63.5,123,59.9c42.8-2.9,78.8-23.6,98.5-52.7\n\tc7.5,41.4,52,71.4,102.6,68c32.4-2.3,59.9-17.8,75.2-39.7c12.1,3.5,25.3,5,38.9,4.1c24.5-1.7,46-10.9,61.7-24.7\n\tc9.7,39.2,52.9,67.1,101.7,63.8c30.3-2,56.1-15.7,71.9-35.3c21,9.6,45.5,14.3,71.2,12.6c49.3-3.4,89.8-29.7,107.7-65.4\n\tc0.7,0,1.4,0,2.2-0.1c22.7-1.6,42.9-9.6,58.3-21.8c14.6,32.9,53.9,55.1,97.6,52.1c13.1-0.9,25.3-4,36.4-8.7\n\tc19.4,42.1,69.9,70.2,126.3,66.5c33.3-2.3,62.6-15.4,83.2-34.9c20.9,21.8,53.9,34.9,89.7,32.4c47.7-3.2,85.3-33,93.9-70.5\n\tc11.9,5.6,25.8,8.3,40.3,7.4c16.9-1.1,31.9-7.1,43.3-16.3c16.8,23.3,48.2,38,82.8,35.7c36.1-2.4,65.3-22.7,76.5-49.6\n\tc13.4,10.1,31.6,15.7,51,14.4c26.3-1.8,47.8-15.8,57.5-34.7c8.8,5.2,18.7,9,29.2,11.2V0H0z\"\/>\n<path class=\"elementor-shape-fill ha-shape-divider\" opacity=\"0.3\" d=\"M4080,0H0v228.3c8.9,1.7,18.1,2.6,27.7,2.6c31.6,0,60.3-10,82.2-26.4c12.9,55.1,70.7,96.7,140.1,96.7\n\tc40.1,0,76.3-13.9,102.3-36.2c25.5,19.9,59.6,32.2,97.2,32.2c78.9,0,142.8-53.6,142.8-119.7c0-4.3-0.2-8.4-0.8-12.6\n\tc22.7,23.5,57.3,38.5,96.1,38.5c42.9,0,80.6-18.2,102.9-46c22.5,19.7,54.3,32,89.5,32c33.9,0,64.5-11.4,86.8-29.9\n\tc8.1-1.2,16-3,23.5-5.4c19.2,39.3,63.2,68.9,116.7,73.1c34.3,2.7,66.5-5.6,91.8-21.4c11.7,44,56.4,79,112.5,83.4\n\tc50.2,4,95.3-17.8,117.5-52.3c20.9,21.2,51.2,35.7,86,38.5c26.4,2.1,51.2-3,72.2-13.1c14.6,26.6,45.3,46.3,82.2,49.2\n\tc39.7,3.1,75.3-14.1,92.8-41.4c11.3,17.9,32.8,31,58.4,33c37.4,2.9,69.8-18.7,75.3-49.1c8.4,3.6,17.7,5.5,27.4,5.5\n\tc28.6,0,53.3-17.2,64.2-41.7c0.2,0,0.3,0.1,0.5,0.1c18.3,23,46.5,37.8,78.2,37.8c35.9,0,67.4-19,85-47.5\n\tc14.5,53.3,71.3,93.1,139.2,93.1c40.1,0,76.3-13.9,102.3-36.2c25.5,19.9,59.6,32.2,97.2,32.2c78.9,0,142.8-53.6,142.8-119.7\n\tc0-4.3-0.2-8.4-0.8-12.6c22.7,23.5,57.3,38.5,96.1,38.5c42.9,0,80.6-18.2,102.9-46c22.5,19.7,54.3,32,89.5,32\n\tc33.9,0,64.5-11.4,86.8-29.9c8.1-1.2,16-3,23.5-5.4c19.2,39.3,63.2,68.9,116.7,73.1c34.3,2.7,66.5-5.6,91.8-21.4\n\tc11.7,44,56.4,79,112.5,83.4c50.2,4,95.3-17.8,117.5-52.3c20.9,21.2,51.2,35.7,86,38.5c26.4,2.1,51.2-3,72.2-13.1\n\tc14.6,26.6,45.3,46.3,82.2,49.2c39.7,3.1,75.3-14.1,92.8-41.4c11.3,17.9,32.8,31,58.4,33c38.7,3,72.1-20.2,75.8-52.4\n\tc73.5,0.8,135.1-45.9,140.1-108.5c1.5-18.7-2.4-36.8-10.3-53.3c4.9-0.7,9.6-1.7,14.3-2.9V0z\"\/>\n<path class=\"elementor-shape-fill ha-shape-divider\" d=\"M0,0v47.2c15.2,7.6,33.3,11.6,52.4,10.3c0.8,0,1.5-0.2,2.3-0.2c5.7,39.3,47.3,68.1,94.8,64.9c30.3-2,55.9-16.7,69.9-37.3\n\tc21.4,38.4,69.6,63.5,123,59.9c42.8-2.9,78.8-23.6,98.5-52.7c7.5,41.4,52,71.4,102.6,68c32.4-2.3,59.9-17.8,75.2-39.7\n\tc12.1,3.5,25.3,5,38.9,4.1c24.5-1.7,46-10.9,61.7-24.7C729,139,772.2,167,821,163.7c30.3-2,56.1-15.7,71.9-35.3\n\tc21,9.6,45.5,14.3,71.2,12.6c49.3-3.4,89.8-29.7,107.7-65.4c0.7,0,1.4,0,2.2-0.1c22.7-1.6,42.9-9.6,58.3-21.8\n\tc14.6,32.9,53.9,55.1,97.6,52.1c13.1-0.9,25.3-4,36.4-8.7c19.4,42.1,69.9,70.2,126.3,66.5c33.3-2.3,62.6-15.4,83.2-34.9\n\tc20.9,21.8,53.9,34.9,89.7,32.4c47.7-3.2,85.3-33,93.9-70.5c11.9,5.6,25.8,8.3,40.3,7.4c16.9-1.1,31.9-7.1,43.3-16.3\n\tc16.8,23.3,48.2,38,82.8,35.7c36.1-2.4,65.3-22.7,76.5-49.6c13.4,10.1,31.6,15.7,51,14.4c25.2-1.7,46-14.6,56.2-32.3\n\tc11.3,14.2,28.8,23.2,48.3,23.2c14.1,0,27.1-4.7,37.5-12.6c7.4,37.6,48.1,64.8,94.2,61.7c30.3-2,55.9-16.7,69.9-37.3\n\tc21.4,38.4,69.6,63.5,123,59.9c42.8-2.9,78.8-23.6,98.5-52.7c7.5,41.4,52,71.4,102.6,68c32.4-2.3,59.9-17.8,75.2-39.7\n\tc12.1,3.5,25.3,5,38.9,4.1c24.5-1.7,46-10.9,61.7-24.7c9.7,39.2,52.9,67.1,101.7,63.8c30.3-2,56.1-15.7,71.9-35.3\n\tc21,9.6,45.5,14.3,71.2,12.6c49.3-3.4,89.8-29.7,107.7-65.4c0.7,0,1.4,0,2.2-0.1c22.7-1.6,42.9-9.6,58.3-21.8\n\tc14.6,32.9,53.9,55.1,97.6,52.1c13.1-0.9,25.3-4,36.4-8.7c19.4,42.1,69.9,70.2,126.3,66.5c33.3-2.3,62.6-15.4,83.2-34.9\n\tc20.9,21.8,53.9,34.9,89.7,32.4c47.7-3.2,85.3-33,93.9-70.5c11.9,5.6,25.8,8.3,40.3,7.4c16.9-1.1,31.9-7.1,43.3-16.3\n\tc16.8,23.3,48.2,38,82.8,35.7c36.1-2.4,65.3-22.7,76.5-49.6c13.4,10.1,31.6,15.7,51,14.4c26.3-1.8,47.8-15.8,57.5-34.7\n\tc8.8,5.2,18.7,9,29.2,11.2V0H0z\"\/>\n<\/svg>\n\t\t<\/div>\n\t\t\t\t<div class=\"elementor-shape elementor-shape-bottom\" data-negative=\"false\">\n\t\t\t<svg xmlns=\"http:\/\/www.w3.org\/2000\/svg\" viewBox=\"0 0 4080 400\" preserveAspectRatio=\"none\">\n<path class=\"elementor-shape-fill ha-shape-divider\" opacity=\"0.2\" enable-background=\"new    \" d=\"M4080,79.3V0L1179.4,0v79.3c0,0,694.9,437.4,1471.3,275.6\n\tS3575.7-152.5,4080,79.3z\"\/>\n<path class=\"elementor-shape-fill ha-shape-divider\" opacity=\"0.2\" enable-background=\"new    \" d=\"M2249,79.3V0L0,0l0,79.3c0,0,43.3,437.4,819.8,275.6S1744.7-152.5,2249,79.3z\"\/>\n<path class=\"elementor-shape-fill ha-shape-divider\" opacity=\"0.2\" enable-background=\"new    \" d=\"M2631.6,49.8c0,0-596.3,547.3-1468.8,230.2S0,95.6,0,95.6L0,0l2631.6,0V49.8z\"\/>\n<path class=\"elementor-shape-fill ha-shape-divider\" opacity=\"0.2\" enable-background=\"new    \" d=\"M4080,95.6c0,0-428.4,501.5-1208.9,184.4S1831,95.6,1831,95.6V0l2249,0V95.6z\"\/>\n<path class=\"elementor-shape-fill ha-shape-divider\" d=\"M4080,0v192.6c-392.4,177-703.2,95.6-1075-34.1c-214.6-74.8-508-126-839.1,6.1c-149.2,59.5-447.2,203.4-1026.2,10.8\n\tC313.2-99.5,0,95.6,0,95.6L0,0l2249,0L4080,0z\"\/>\n<\/svg>\n\t\t<\/div>\n\t\t\t\t\t<div class=\"elementor-container elementor-column-gap-default\">\n\t\t\t\t\t<div class=\"elementor-column elementor-col-100 elementor-top-column elementor-element elementor-element-7c004ce5\" data-id=\"7c004ce5\" data-element_type=\"column\">\n\t\t\t<div class=\"elementor-widget-wrap elementor-element-populated\">\n\t\t\t\t\t\t\t\t<div class=\"elementor-element elementor-element-1927ced elementor-widget elementor-widget-heading\" data-id=\"1927ced\" data-element_type=\"widget\" data-widget_type=\"heading.default\">\n\t\t\t\t<div class=\"elementor-widget-container\">\n\t\t\t<style>\/*! elementor - v3.5.5 - 03-02-2022 *\/\n.elementor-heading-title{padding:0;margin:0;line-height:1}.elementor-widget-heading .elementor-heading-title[class*=elementor-size-]>a{color:inherit;font-size:inherit;line-height:inherit}.elementor-widget-heading .elementor-heading-title.elementor-size-small{font-size:15px}.elementor-widget-heading .elementor-heading-title.elementor-size-medium{font-size:19px}.elementor-widget-heading .elementor-heading-title.elementor-size-large{font-size:29px}.elementor-widget-heading .elementor-heading-title.elementor-size-xl{font-size:39px}.elementor-widget-heading .elementor-heading-title.elementor-size-xxl{font-size:59px}<\/style><h2 class=\"elementor-heading-title elementor-size-default\">\u00b7sobre m\u00ed\u00b7<\/h2>\t\t<\/div>\n\t\t\t\t<\/div>\n\t\t\t\t\t<\/div>\n\t\t<\/div>\n\t\t\t\t\t\t\t<\/div>\n\t\t<\/section>\n\t\t\t\t<section class=\"elementor-section elementor-top-section elementor-element elementor-element-dda538e elementor-section-boxed elementor-section-height-default elementor-section-height-default\" data-id=\"dda538e\" data-element_type=\"section\" data-settings=\"{&quot;_ha_eqh_enable&quot;:false}\">\n\t\t\t\t\t\t<div class=\"elementor-container elementor-column-gap-default\">\n\t\t\t\t\t<div class=\"elementor-column elementor-col-100 elementor-top-column elementor-element elementor-element-b8658d1\" data-id=\"b8658d1\" data-element_type=\"column\">\n\t\t\t<div class=\"elementor-widget-wrap elementor-element-populated\">\n\t\t\t\t\t\t\t\t<div class=\"elementor-element elementor-element-ec37a1a elementor-widget elementor-widget-text-editor\" data-id=\"ec37a1a\" data-element_type=\"widget\" data-widget_type=\"text-editor.default\">\n\t\t\t\t<div class=\"elementor-widget-container\">\n\t\t\t<style>\/*! elementor - v3.5.5 - 03-02-2022 *\/\n.elementor-widget-text-editor.elementor-drop-cap-view-stacked .elementor-drop-cap{background-color:#818a91;color:#fff}.elementor-widget-text-editor.elementor-drop-cap-view-framed .elementor-drop-cap{color:#818a91;border:3px solid;background-color:transparent}.elementor-widget-text-editor:not(.elementor-drop-cap-view-default) .elementor-drop-cap{margin-top:8px}.elementor-widget-text-editor:not(.elementor-drop-cap-view-default) .elementor-drop-cap-letter{width:1em;height:1em}.elementor-widget-text-editor .elementor-drop-cap{float:left;text-align:center;line-height:1;font-size:50px}.elementor-widget-text-editor .elementor-drop-cap-letter{display:inline-block}<\/style>\t\t\t\t<p>\u00a1Hola, bienvenido\/a a mi peque\u00f1o rinc\u00f3n!<\/p><p>\u00a0<\/p><p>Mi nombre es Alba y soy la creadora de teaching_universe. Soy maestra de educaci\u00f3n primaria con especialidad en lengua extranjera (ingl\u00e9s) y tambi\u00e9n he cursado un m\u00e1ster en estudios avanzados en pedagog\u00eda.<\/p><p>Me encanta mi profesi\u00f3n y disfruto creando y dise\u00f1ando materiales que cobran vida en mis clases.<\/p><p>Entiendo el aprendizaje como un juego. Por ello, intento que mis recursos sean atractivos visualmente y conecten con el entorno del alumnado, ya que solo asi\u0301 lo vera\u0301n como algo divertido y no como una actividad rutinaria.\u00a0<\/p><p>\u00a0<\/p><p>\u00a1Espero poder ayudarte con mis materiales en el bonito camino del aprendizaje<\/p>\t\t\t\t\t\t<\/div>\n\t\t\t\t<\/div>\n\t\t\t\t\t<\/div>\n\t\t<\/div>\n\t\t\t\t\t\t\t<\/div>\n\t\t<\/section>\n\t\t\t\t<section class=\"elementor-section elementor-top-section elementor-element elementor-element-50596dcd elementor-section-boxed elementor-section-height-default elementor-section-height-default\" data-id=\"50596dcd\" data-element_type=\"section\" data-settings=\"{&quot;shape_divider_bottom&quot;:&quot;mountains&quot;,&quot;_ha_eqh_enable&quot;:false}\">\n\t\t\t\t\t<div class=\"elementor-shape elementor-shape-bottom\" data-negative=\"false\">\n\t\t\t<svg xmlns=\"http:\/\/www.w3.org\/2000\/svg\" viewBox=\"0 0 1000 100\" preserveAspectRatio=\"none\">\n\t<path class=\"elementor-shape-fill\" opacity=\"0.33\" d=\"M473,67.3c-203.9,88.3-263.1-34-320.3,0C66,119.1,0,59.7,0,59.7V0h1000v59.7 c0,0-62.1,26.1-94.9,29.3c-32.8,3.3-62.8-12.3-75.8-22.1C806,49.6,745.3,8.7,694.9,4.7S492.4,59,473,67.3z\"\/>\n\t<path class=\"elementor-shape-fill\" opacity=\"0.66\" d=\"M734,67.3c-45.5,0-77.2-23.2-129.1-39.1c-28.6-8.7-150.3-10.1-254,39.1 s-91.7-34.4-149.2,0C115.7,118.3,0,39.8,0,39.8V0h1000v36.5c0,0-28.2-18.5-92.1-18.5C810.2,18.1,775.7,67.3,734,67.3z\"\/>\n\t<path class=\"elementor-shape-fill\" d=\"M766.1,28.9c-200-57.5-266,65.5-395.1,19.5C242,1.8,242,5.4,184.8,20.6C128,35.8,132.3,44.9,89.9,52.5C28.6,63.7,0,0,0,0 h1000c0,0-9.9,40.9-83.6,48.1S829.6,47,766.1,28.9z\"\/>\n<\/svg>\t\t<\/div>\n\t\t\t\t\t<div class=\"elementor-container elementor-column-gap-default\">\n\t\t\t\t\t<div class=\"elementor-column elementor-col-100 elementor-top-column elementor-element elementor-element-7ea25595\" data-id=\"7ea25595\" data-element_type=\"column\">\n\t\t\t<div class=\"elementor-widget-wrap elementor-element-populated\">\n\t\t\t\t\t\t\t\t<div class=\"elementor-element elementor-element-26d34449 elementor-widget elementor-widget-spacer\" data-id=\"26d34449\" data-element_type=\"widget\" data-widget_type=\"spacer.default\">\n\t\t\t\t<div class=\"elementor-widget-container\">\n\t\t\t\t\t<div class=\"elementor-spacer\">\n\t\t\t<div class=\"elementor-spacer-inner\"><\/div>\n\t\t<\/div>\n\t\t\t\t<\/div>\n\t\t\t\t<\/div>\n\t\t\t\t\t<\/div>\n\t\t<\/div>\n\t\t\t\t\t\t\t<\/div>\n\t\t<\/section>\n\t\t\t\t<section class=\"elementor-section elementor-top-section elementor-element elementor-element-ea8ed6b elementor-section-boxed elementor-section-height-default elementor-section-height-default\" data-id=\"ea8ed6b\" data-element_type=\"section\" data-settings=\"{&quot;shape_divider_top&quot;:&quot;clouds&quot;,&quot;background_background&quot;:&quot;classic&quot;,&quot;_ha_eqh_enable&quot;:false}\">\n\t\t\t\t\t<div class=\"elementor-shape elementor-shape-top\" data-negative=\"false\">\n\t\t\t<svg xmlns=\"http:\/\/www.w3.org\/2000\/svg\" viewBox=\"0 0 283.5 27.8\" preserveAspectRatio=\"xMidYMax slice\">\n  <path class=\"elementor-shape-fill\" d=\"M0 0v6.7c1.9-.8 4.7-1.4 8.5-1 9.5 1.1 11.1 6 11.1 6s2.1-.7 4.3-.2c2.1.5 2.8 2.6 2.8 2.6s.2-.5 1.4-.7c1.2-.2 1.7.2 1.7.2s0-2.1 1.9-2.8c1.9-.7 3.6.7 3.6.7s.7-2.9 3.1-4.1 4.7 0 4.7 0 1.2-.5 2.4 0 1.7 1.4 1.7 1.4h1.4c.7 0 1.2.7 1.2.7s.8-1.8 4-2.2c3.5-.4 5.3 2.4 6.2 4.4.4-.4 1-.7 1.8-.9 2.8-.7 4 .7 4 .7s1.7-5 11.1-6c9.5-1.1 12.3 3.9 12.3 3.9s1.2-4.8 5.7-5.7c4.5-.9 6.8 1.8 6.8 1.8s.6-.6 1.5-.9c.9-.2 1.9-.2 1.9-.2s5.2-6.4 12.6-3.3c7.3 3.1 4.7 9 4.7 9s1.9-.9 4 0 2.8 2.4 2.8 2.4 1.9-1.2 4.5-1.2 4.3 1.2 4.3 1.2.2-1 1.4-1.7 2.1-.7 2.1-.7-.5-3.1 2.1-5.5 5.7-1.4 5.7-1.4 1.5-2.3 4.2-1.1c2.7 1.2 1.7 5.2 1.7 5.2s.3-.1 1.3.5c.5.4.8.8.9 1.1.5-1.4 2.4-5.8 8.4-4 7.1 2.1 3.5 8.9 3.5 8.9s.8-.4 2 0 1.1 1.1 1.1 1.1 1.1-1.1 2.3-1.1 2.1.5 2.1.5 1.9-3.6 6.2-1.2 1.9 6.4 1.9 6.4 2.6-2.4 7.4 0c3.4 1.7 3.9 4.9 3.9 4.9s3.3-6.9 10.4-7.9 11.5 2.6 11.5 2.6.8 0 1.2.2c.4.2.9.9.9.9s4.4-3.1 8.3.2c1.9 1.7 1.5 5 1.5 5s.3-1.1 1.6-1.4c1.3-.3 2.3.2 2.3.2s-.1-1.2.5-1.9 1.9-.9 1.9-.9-4.7-9.3 4.4-13.4c5.6-2.5 9.2.9 9.2.9s5-6.2 15.9-6.2 16.1 8.1 16.1 8.1.7-.2 1.6-.4V0H0z\"\/>\n<\/svg>\n\t\t<\/div>\n\t\t\t\t\t<div class=\"elementor-container elementor-column-gap-default\">\n\t\t\t\t\t<div class=\"elementor-column elementor-col-100 elementor-top-column elementor-element elementor-element-ad530ec\" data-id=\"ad530ec\" data-element_type=\"column\">\n\t\t\t<div class=\"elementor-widget-wrap elementor-element-populated\">\n\t\t\t\t\t\t\t\t<div class=\"elementor-element elementor-element-4be93124 elementor-widget elementor-widget-spacer\" data-id=\"4be93124\" data-element_type=\"widget\" data-widget_type=\"spacer.default\">\n\t\t\t\t<div class=\"elementor-widget-container\">\n\t\t\t\t\t<div class=\"elementor-spacer\">\n\t\t\t<div class=\"elementor-spacer-inner\"><\/div>\n\t\t<\/div>\n\t\t\t\t<\/div>\n\t\t\t\t<\/div>\n\t\t\t\t\t<\/div>\n\t\t<\/div>\n\t\t\t\t\t\t\t<\/div>\n\t\t<\/section>\n\t\t\t\t<section class=\"elementor-section elementor-top-section elementor-element elementor-element-4ffd110a elementor-section-boxed elementor-section-height-default elementor-section-height-default\" data-id=\"4ffd110a\" data-element_type=\"section\" data-settings=\"{&quot;_ha_eqh_enable&quot;:false}\">\n\t\t\t\t\t\t<div class=\"elementor-container elementor-column-gap-default\">\n\t\t\t\t\t<div class=\"elementor-column elementor-col-100 elementor-top-column elementor-element elementor-element-5e031108\" data-id=\"5e031108\" data-element_type=\"column\">\n\t\t\t<div class=\"elementor-widget-wrap elementor-element-populated\">\n\t\t\t\t\t\t\t\t<div class=\"elementor-element elementor-element-3a3b297d elementor-invisible elementor-widget elementor-widget-heading\" data-id=\"3a3b297d\" data-element_type=\"widget\" data-settings=\"{&quot;_animation&quot;:&quot;bounceIn&quot;,&quot;ha_floating_fx&quot;:&quot;yes&quot;}\" data-widget_type=\"heading.default\">\n\t\t\t\t<div class=\"elementor-widget-container\">\n\t\t\t<h2 class=\"elementor-heading-title elementor-size-default\">s\u00edgueme para no perderte nada<\/h2>\t\t<\/div>\n\t\t\t\t<\/div>\n\t\t\t\t<div class=\"elementor-element elementor-element-618daf48 elementor-shape-circle elementor-grid-0 e-grid-align-center elementor-widget elementor-widget-social-icons\" data-id=\"618daf48\" data-element_type=\"widget\" data-widget_type=\"social-icons.default\">\n\t\t\t\t<div class=\"elementor-widget-container\">\n\t\t\t<style>\/*! elementor - v3.5.5 - 03-02-2022 *\/\n.elementor-widget-social-icons.elementor-grid-0 .elementor-widget-container,.elementor-widget-social-icons.elementor-grid-mobile-0 .elementor-widget-container,.elementor-widget-social-icons.elementor-grid-tablet-0 .elementor-widget-container{line-height:1;font-size:0}.elementor-widget-social-icons:not(.elementor-grid-0):not(.elementor-grid-tablet-0):not(.elementor-grid-mobile-0) .elementor-grid{display:inline-grid}.elementor-widget-social-icons .elementor-grid{grid-column-gap:var(--grid-column-gap,5px);grid-row-gap:var(--grid-row-gap,5px);grid-template-columns:var(--grid-template-columns);-webkit-box-pack:var(--justify-content,center);-ms-flex-pack:var(--justify-content,center);justify-content:var(--justify-content,center);justify-items:var(--justify-content,center)}.elementor-icon.elementor-social-icon{font-size:var(--icon-size,25px);line-height:var(--icon-size,25px);width:calc(var(--icon-size, 25px) + (2 * var(--icon-padding, .5em)));height:calc(var(--icon-size, 25px) + (2 * var(--icon-padding, .5em)))}.elementor-social-icon{--e-social-icon-icon-color:#fff;display:-webkit-inline-box;display:-ms-inline-flexbox;display:inline-flex;background-color:#818a91;-webkit-box-align:center;-ms-flex-align:center;align-items:center;-webkit-box-pack:center;-ms-flex-pack:center;justify-content:center;text-align:center;cursor:pointer}.elementor-social-icon i{color:var(--e-social-icon-icon-color)}.elementor-social-icon svg{fill:var(--e-social-icon-icon-color)}.elementor-social-icon:last-child{margin:0}.elementor-social-icon:hover{opacity:.9;color:#fff}.elementor-social-icon-android{background-color:#a4c639}.elementor-social-icon-apple{background-color:#999}.elementor-social-icon-behance{background-color:#1769ff}.elementor-social-icon-bitbucket{background-color:#205081}.elementor-social-icon-codepen{background-color:#000}.elementor-social-icon-delicious{background-color:#39f}.elementor-social-icon-deviantart{background-color:#05cc47}.elementor-social-icon-digg{background-color:#005be2}.elementor-social-icon-dribbble{background-color:#ea4c89}.elementor-social-icon-elementor{background-color:#d30c5c}.elementor-social-icon-envelope{background-color:#ea4335}.elementor-social-icon-facebook,.elementor-social-icon-facebook-f{background-color:#3b5998}.elementor-social-icon-flickr{background-color:#0063dc}.elementor-social-icon-foursquare{background-color:#2d5be3}.elementor-social-icon-free-code-camp,.elementor-social-icon-freecodecamp{background-color:#006400}.elementor-social-icon-github{background-color:#333}.elementor-social-icon-gitlab{background-color:#e24329}.elementor-social-icon-globe{background-color:#818a91}.elementor-social-icon-google-plus,.elementor-social-icon-google-plus-g{background-color:#dd4b39}.elementor-social-icon-houzz{background-color:#7ac142}.elementor-social-icon-instagram{background-color:#262626}.elementor-social-icon-jsfiddle{background-color:#487aa2}.elementor-social-icon-link{background-color:#818a91}.elementor-social-icon-linkedin,.elementor-social-icon-linkedin-in{background-color:#0077b5}.elementor-social-icon-medium{background-color:#00ab6b}.elementor-social-icon-meetup{background-color:#ec1c40}.elementor-social-icon-mixcloud{background-color:#273a4b}.elementor-social-icon-odnoklassniki{background-color:#f4731c}.elementor-social-icon-pinterest{background-color:#bd081c}.elementor-social-icon-product-hunt{background-color:#da552f}.elementor-social-icon-reddit{background-color:#ff4500}.elementor-social-icon-rss{background-color:#f26522}.elementor-social-icon-shopping-cart{background-color:#4caf50}.elementor-social-icon-skype{background-color:#00aff0}.elementor-social-icon-slideshare{background-color:#0077b5}.elementor-social-icon-snapchat{background-color:#fffc00}.elementor-social-icon-soundcloud{background-color:#f80}.elementor-social-icon-spotify{background-color:#2ebd59}.elementor-social-icon-stack-overflow{background-color:#fe7a15}.elementor-social-icon-steam{background-color:#00adee}.elementor-social-icon-stumbleupon{background-color:#eb4924}.elementor-social-icon-telegram{background-color:#2ca5e0}.elementor-social-icon-thumb-tack{background-color:#1aa1d8}.elementor-social-icon-tripadvisor{background-color:#589442}.elementor-social-icon-tumblr{background-color:#35465c}.elementor-social-icon-twitch{background-color:#6441a5}.elementor-social-icon-twitter{background-color:#1da1f2}.elementor-social-icon-viber{background-color:#665cac}.elementor-social-icon-vimeo{background-color:#1ab7ea}.elementor-social-icon-vk{background-color:#45668e}.elementor-social-icon-weibo{background-color:#dd2430}.elementor-social-icon-weixin{background-color:#31a918}.elementor-social-icon-whatsapp{background-color:#25d366}.elementor-social-icon-wordpress{background-color:#21759b}.elementor-social-icon-xing{background-color:#026466}.elementor-social-icon-yelp{background-color:#af0606}.elementor-social-icon-youtube{background-color:#cd201f}.elementor-social-icon-500px{background-color:#0099e5}.elementor-shape-rounded .elementor-icon.elementor-social-icon{-webkit-border-radius:10%;border-radius:10%}.elementor-shape-circle .elementor-icon.elementor-social-icon{-webkit-border-radius:50%;border-radius:50%}<\/style>\t\t<div class=\"elementor-social-icons-wrapper elementor-grid\">\n\t\t\t\t\t\t\t<span class=\"elementor-grid-item\">\n\t\t\t\t\t<a class=\"elementor-icon elementor-social-icon elementor-social-icon-instagram elementor-repeater-item-ffa50d1\" href=\"https:\/\/www.instagram.com\/teaching_universe\" target=\"_blank\">\n\t\t\t\t\t\t<span class=\"elementor-screen-only\">Instagram<\/span>\n\t\t\t\t\t\t<i class=\"fab fa-instagram\"><\/i>\t\t\t\t\t<\/a>\n\t\t\t\t<\/span>\n\t\t\t\t\t\t\t<span class=\"elementor-grid-item\">\n\t\t\t\t\t<a class=\"elementor-icon elementor-social-icon elementor-social-icon-pinterest elementor-repeater-item-ddfe585\" href=\"https:\/\/www.pinterest.es\/teachinguniverse\/\" target=\"_blank\">\n\t\t\t\t\t\t<span class=\"elementor-screen-only\">Pinterest<\/span>\n\t\t\t\t\t\t<i class=\"fab fa-pinterest\"><\/i>\t\t\t\t\t<\/a>\n\t\t\t\t<\/span>\n\t\t\t\t\t<\/div>\n\t\t\t\t<\/div>\n\t\t\t\t<\/div>\n\t\t\t\t\t<\/div>\n\t\t<\/div>\n\t\t\t\t\t\t\t<\/div>\n\t\t<\/section>\n\t\t\t\t\t\t<\/div>\n\t\t\t\t\t<\/div>\n\t\t","protected":false},"excerpt":{"rendered":"<p>\u00b7sobre m\u00ed\u00b7 \u00a1Hola, bienvenido\/a a mi peque\u00f1o rinc\u00f3n! \u00a0 Mi nombre es Alba y soy la creadora de teaching_universe. Soy maestra de educaci\u00f3n primaria con especialidad en lengua extranjera (ingl\u00e9s) y tambi\u00e9n he cursado un m\u00e1ster en estudios avanzados en pedagog\u00eda. Me encanta mi profesi\u00f3n y disfruto creando y dise\u00f1ando materiales que cobran vida en &hellip;<\/p>\n<p class=\"read-more\"> <a class=\"\" href=\"http:\/\/157.90.31.7:8086\/index.php\/sobre-mi\/\"> <span class=\"screen-reader-text\">Sobre m\u00ed<\/span> Leer m\u00e1s &raquo;<\/a><\/p>\n","protected":false},"author":1,"featured_media":0,"parent":0,"menu_order":0,"comment_status":"closed","ping_status":"closed","template":"","meta":{"site-sidebar-layout":"no-sidebar","site-content-layout":"page-builder","ast-main-header-display":"","ast-hfb-above-header-display":"","ast-hfb-below-header-display":"","ast-hfb-mobile-header-display":"","site-post-title":"disabled","ast-breadcrumbs-content":"","ast-featured-img":"disabled","footer-sml-layout":"","theme-transparent-header-meta":"enabled","adv-header-id-meta":"","stick-header-meta":"","header-above-stick-meta":"","header-main-stick-meta":"","header-below-stick-meta":"","spay_email":"","footnotes":""},"class_list":["post-14","page","type-page","status-publish","hentry"],"_links":{"self":[{"href":"http:\/\/157.90.31.7:8086\/index.php\/wp-json\/wp\/v2\/pages\/14","targetHints":{"allow":["GET"]}}],"collection":[{"href":"http:\/\/157.90.31.7:8086\/index.php\/wp-json\/wp\/v2\/pages"}],"about":[{"href":"http:\/\/157.90.31.7:8086\/index.php\/wp-json\/wp\/v2\/types\/page"}],"author":[{"embeddable":true,"href":"http:\/\/157.90.31.7:8086\/index.php\/wp-json\/wp\/v2\/users\/1"}],"replies":[{"embeddable":true,"href":"http:\/\/157.90.31.7:8086\/index.php\/wp-json\/wp\/v2\/comments?post=14"}],"version-history":[{"count":24,"href":"http:\/\/157.90.31.7:8086\/index.php\/wp-json\/wp\/v2\/pages\/14\/revisions"}],"predecessor-version":[{"id":2305,"href":"http:\/\/157.90.31.7:8086\/index.php\/wp-json\/wp\/v2\/pages\/14\/revisions\/2305"}],"wp:attachment":[{"href":"http:\/\/157.90.31.7:8086\/index.php\/wp-json\/wp\/v2\/media?parent=14"}],"curies":[{"name":"wp","href":"https:\/\/api.w.org\/{rel}","templated":true}]}}